{"id":91435,"date":"2021-01-20T14:05:38","date_gmt":"2021-01-20T14:05:38","guid":{"rendered":"http:\/\/revoring.com\/education-2\/"},"modified":"2021-04-29T10:01:55","modified_gmt":"2021-04-29T10:01:55","slug":"education","status":"publish","type":"page","link":"https:\/\/revoring.com\/en\/education\/","title":{"rendered":"Education"},"content":{"rendered":"\n<h1>\n\t\tEducation\n\t<\/h1>\n\t\t\t\t\t\t\t\t\t\t\t\t\t\t\t\t\tTRAINING\n\t\t\t\t\t\t\t\t\t\t\t\t\t\t\t\t\tPROGRAM\n\t\t\t\t\t\t\t\t\t\t\t\t\t\t\t\t\tBOOK NOW\n\t\t\t\t\t\t\t\t\t\t\t\t\t\t\t\t\t\t\t\t\tTRAINING\n\t\t\t\t<p>Since 2016 the <strong>Revoring<sup>\u00ae<\/sup> Academy<\/strong> has been organizing <strong>Revoring<sup>\u00ae<\/sup> Training courses<\/strong> in Italy and around the world.This tool was initially conceived to be used for functional training, then it evolved and became an <strong>elastic training system<\/strong> suited to any wellness discipline: physical therapy, myofascial pilates, martial arts, musical fitness and athletic preparation.In 2019 the <strong>Revoring<sup>\u00ae<\/sup> Training Specialisation Workshops<\/strong> for specific areas, like the Myofascial Pilates Revoring Workshop, started.The <strong>Revoring<sup>\u00ae<\/sup> Essential Training Courses<\/strong> for Functional Group Training and the monothematic Specialisation Workshops are open to everyone, from beginners to experts.Join the <strong>Revoring<sup>\u00ae<\/sup> Academy Training Courses<\/strong> and you will get special technical contents only for the Professional Revoring<sup>\u00ae<\/sup> Community, updates from our <strong>R&amp;D team<\/strong>, the official <strong>Revoring<sup>\u00ae<\/sup> Trainer T-shirt<\/strong> and the <strong>Revoring International Certificate<\/strong>.<\/p>\t\t\t\n\t\t\t\t\t\t\t\t\t\t\t\t\t\t\t\t\t\t\t\t\tPROGRAM\n\t\t\t\t<h4>First Level Revoring<sup>\u00ae<\/sup> Essential &#8211; A training weekend on &#8220;Functional Group Training&#8221;<\/h4><p>Sunday Morning, 10.00 &#8211; 13.00<br \/>Theoretical-practical testing of 20 working protocols<br \/>Functional Training<br \/>Female training<br \/>Sport Training<br \/>Lunch break (1 h)<br \/>Sunday Afternoon, 14.00 &#8211; 17.00<br \/>Seniors Training<br \/>Analytical Training<br \/>Discussion: questions and brain storming<br \/>Satisfaction questionnaire<br \/>Certificate and t-shirt release<br \/>Group photo<br \/>Purchase Revoring<sup>\u00ae<\/sup> on the spot at a discounted price<\/p>\t\t\t\n\t\t\t\t\t\t\t\t\t\t\t\t\t\t\t\t\t\t\t\t\tBOOK NOW\n\t\t\t\t<h2>Book your course<\/h2><p><!--<\/p>\n<p>--><br \/><div role=\"form\" class=\"wpcf7\" id=\"wpcf7-f91443-o1\" lang=\"it-IT\" dir=\"ltr\">\n<div class=\"screen-reader-response\"><p role=\"status\" aria-live=\"polite\" aria-atomic=\"true\"><\/p> <ul><\/ul><\/div>\n<form action=\"\/en\/wp-json\/wp\/v2\/pages\/91435#wpcf7-f91443-o1\" method=\"post\" class=\"wpcf7-form init\" novalidate=\"novalidate\" data-status=\"init\">\n<div style=\"display: none;\">\n<input type=\"hidden\" name=\"_wpcf7\" value=\"91443\" \/>\n<input type=\"hidden\" name=\"_wpcf7_version\" value=\"5.4.1\" \/>\n<input type=\"hidden\" name=\"_wpcf7_locale\" value=\"it_IT\" \/>\n<input type=\"hidden\" name=\"_wpcf7_unit_tag\" value=\"wpcf7-f91443-o1\" \/>\n<input type=\"hidden\" name=\"_wpcf7_container_post\" value=\"0\" \/>\n<input type=\"hidden\" name=\"_wpcf7_posted_data_hash\" value=\"\" \/>\n<input type=\"hidden\" name=\"_wpcf7_recaptcha_response\" value=\"\" \/>\n<\/div>\n<p><label> Name*<br \/>\n    <span class=\"wpcf7-form-control-wrap Name\"><input type=\"text\" name=\"Name\" value=\"\" size=\"40\" class=\"wpcf7-form-control wpcf7-text wpcf7-validates-as-required\" aria-required=\"true\" aria-invalid=\"false\" \/><\/span> <\/label><br \/>\n<span id=\"wpcf7-69e76d671f233-wrapper\" class=\"wpcf7-form-control-wrap website-wrap\" ><label for=\"wpcf7-69e76d671f233-field\" class=\"hp-message\">Please leave this field empty.<\/label><input id=\"wpcf7-69e76d671f233-field\"class=\"wpcf7-form-control wpcf7-text\"  type=\"text\" name=\"website\" value=\"\" size=\"40\" tabindex=\"-1\" autocomplete=\"new-password\" \/><\/span><\/p>\n<p><label> Surname*<br \/>\n    <span class=\"wpcf7-form-control-wrap Surname\"><input type=\"text\" name=\"Surname\" value=\"\" size=\"40\" class=\"wpcf7-form-control wpcf7-text wpcf7-validates-as-required\" aria-required=\"true\" aria-invalid=\"false\" \/><\/span> <\/label><\/p>\n<p><span id=\"wpcf7-69e76d671f2a5-wrapper\" class=\"wpcf7-form-control-wrap blog-wrap\" style=\"display:none !important; visibility:hidden !important;\"><label for=\"wpcf7-69e76d671f2a5-field\" class=\"hp-message\">Please leave this field empty.<\/label><input id=\"wpcf7-69e76d671f2a5-field\"class=\"wpcf7-form-control wpcf7-text\"  type=\"text\" name=\"blog\" value=\"\" size=\"40\" tabindex=\"-1\" autocomplete=\"new-password\" \/><\/span><br \/>\n<span id=\"wpcf7-69e76d671f2d3-wrapper\" class=\"wpcf7-form-control-wrap website-wrap\" ><label for=\"wpcf7-69e76d671f2d3-field\" class=\"hp-message\">Please leave this field empty.<\/label><input id=\"wpcf7-69e76d671f2d3-field\"class=\"wpcf7-form-control wpcf7-text\"  type=\"text\" name=\"website\" value=\"\" size=\"40\" tabindex=\"-1\" autocomplete=\"new-password\" \/><\/span><\/p>\n<p><label> Email*<br \/>\n    <span class=\"wpcf7-form-control-wrap Email\"><input type=\"email\" name=\"Email\" value=\"\" size=\"40\" class=\"wpcf7-form-control wpcf7-text wpcf7-email wpcf7-validates-as-required wpcf7-validates-as-email\" aria-required=\"true\" aria-invalid=\"false\" \/><\/span> <\/label><\/p>\n<p><label> Phone Number<br \/>\n    <span class=\"wpcf7-form-control-wrap Phone-number\"><input type=\"tel\" name=\"Phone-number\" value=\"\" size=\"40\" class=\"wpcf7-form-control wpcf7-text wpcf7-tel wpcf7-validates-as-required wpcf7-validates-as-tel\" aria-required=\"true\" aria-invalid=\"false\" \/><\/span> <\/label><\/p>\n<p><span id=\"wpcf7-69e76d671f366-wrapper\" class=\"wpcf7-form-control-wrap email-commerciale-wrap\" style=\"display:none !important; visibility:hidden !important;\"><label for=\"wpcf7-69e76d671f366-field\" class=\"hp-message\">Please leave this field empty.<\/label><input id=\"wpcf7-69e76d671f366-field\"class=\"wpcf7-form-control wpcf7-text\"  type=\"text\" name=\"email-commerciale\" value=\"\" size=\"40\" tabindex=\"-1\" autocomplete=\"new-password\" \/><\/span><\/p>\n<p><label> Role<br \/>\n\t<span class=\"wpcf7-form-control-wrap impiego\"><select name=\"impiego\" class=\"wpcf7-form-control wpcf7-select\" aria-invalid=\"false\"><option value=\"\">---<\/option><option value=\"Trainer\">Trainer<\/option><option value=\"Gym owner\">Gym owner<\/option><option value=\"Private\">Private<\/option><\/select><\/span><\/label><\/p>\n<p><label> Message<br \/>\n    <span class=\"wpcf7-form-control-wrap Message\"><textarea name=\"Message\" cols=\"40\" rows=\"10\" class=\"wpcf7-form-control wpcf7-textarea\" aria-invalid=\"false\"><\/textarea><\/span> <\/label><\/p>\n<p><span class=\"wpcf7-form-control-wrap acceptance-828\"><span class=\"wpcf7-form-control wpcf7-acceptance optional\"><span class=\"wpcf7-list-item\"><label><input type=\"checkbox\" name=\"acceptance-828\" value=\"1\" aria-invalid=\"false\" \/><span class=\"wpcf7-list-item-label\">I accept the privacy conditions expressed in the <a href=\"\/privacy-policy\/\">privacy policy<\/a><\/span><\/label><\/span><\/span><\/span><\/p>\n<span class=\"wpcf7-form-control-wrap recaptcha\"><span data-sitekey=\"6LeExtQZAAAAABeV7VqgFtIJBj5E9fgW1wk6Wojo\" class=\"wpcf7-form-control g-recaptcha wpcf7-recaptcha\"><\/span>\r\n<noscript>\r\n\t<div class=\"grecaptcha-noscript\">\r\n\t\t<iframe src=\"https:\/\/www.google.com\/recaptcha\/api\/fallback?k=6LeExtQZAAAAABeV7VqgFtIJBj5E9fgW1wk6Wojo\" frameborder=\"0\" scrolling=\"no\" width=\"310\" height=\"430\">\r\n\t\t<\/iframe>\r\n\t\t<textarea name=\"g-recaptcha-response\" rows=\"3\" cols=\"40\" placeholder=\"reCaptcha Response Here\">\r\n\t\t<\/textarea>\r\n\t<\/div>\r\n<\/noscript>\r\n<\/span>\n<p><input type=\"submit\" value=\"Contact us now to book your course\" class=\"wpcf7-form-control wpcf7-submit\" \/><\/p>\n<div class=\"wpcf7-response-output\" aria-hidden=\"true\"><\/div><\/form><\/div><\/p>\t\t\t\n<h2>\n\t\tREVORING MASTER TRAINERS TEAM\n\t<\/h2>\n\t<p>A pool of professionals offers its expertise to everyone who wants to keep learning new amazing methods of training and wellness.<\/p>\n<h2>\n\t\tRevoring Trainers\n\t<\/h2>\n\t\t\t\t\t\tREVORING TRAINERS\n\t\t\t<p>Adelaide Zurolo Castellamare di Stabia (NA)<br \/>Adele Avantaggiato CAMPI SALENTINA (LE)<br \/>Adele Di Domenico Castro dei Volsci (FR)<br \/>Alberto Meroni Milano (MI)<br \/>Alberto Para<br \/>Alejandro Vera Carrasco<br \/>Alessandro Iacovacci Villa Santo Stefano (FR)<br \/>Alessandro Paris Boltiere (BG)<br \/>Alessandro Piva<br \/>Alessio Parente Napoli (NA)<br \/>Alessio Picuti Imola (BO)<br \/>Allegrini Paola Brindisi<br \/>Amitrano Mattia Pompei (NA)<br \/>Andrea Ceroni Faenza (RA)<br \/>Andrea Monti FORLI (FC)<br \/>Andrea Raguatini FORLI (FC)<br \/>Andrea Scelfo<br \/>Andrea Tuti Merano<br \/>Angelio Celio PALENA (CH)<br \/>Anna Barbero<br \/>Anna Buonocore Napoli (NA)<br \/>Anna Cesira Spennato CAVALLINO (LE)<br \/>Annalisa D&#8217;Aprile CASTELLANA GROTTE (BA)<br \/>Annalisa Giannotta PUTIGNANO<br \/>Annunziata De Turris casoria (NA)<br \/>Antimo Passarelli Verde San Antimo (NA)<br \/>Antonazzo Francesco Roma (RM)<br \/>Antonella Frassetto Porto Torres (SS)<br \/>Antonino Manganaro SAN DONATO MILANESE (MI)<br \/>Antonio Acerra Merano<br \/>Antonio Manisco ORIA (BR)<br \/>Ayalet Keinan<br \/>Baldi Daniela Cavriglia (AR)<br \/>Baldini Annarita Ravenna<br \/>Barbara Meneguzzo Vicenza<br \/>Barbara Ongaro SAN DONATO MILANESE (MI)<br \/>Barresi Massimiliano Novara<br \/>Bartolozzi Paolo Prato (PO)<br \/>Baschieri Nicola Scandiano (RE)<br \/>Basso Andrea Olmi di san Biagio di Callalta (TV)<br \/>Bat El Ron<br \/>Bedei Riccardo Forlimpopoli (FC)<br \/>Bercea Bianca Rubiera (RE)<br \/>Berti Giuseppe S. Maria la Fossa (CE)<br \/>Blasi Andrea Lecce<br \/>Blasi Giuliana Lecce<br \/>Boggia Nicola Fasano (BR)<br \/>Bontempi Barbara Roma (RM)<br \/>Bordea Mihail Roma (RM)<br \/>Borhani Nazila<br \/>Borzetti Daniela Roma<br \/>Campanari Alberto Roma (RM)<br \/>Caniglia Francesco Oria (BR)<br \/>Capacci Simone Forlimpopoli (FC)<br \/>Carausu Valentin Bucarest, Romania<br \/>Cariani Stefano Ferrara<br \/>Carla Piombo Gaeta (LT)<br \/>Carli Laura Mairano (BS)<br \/>Carmine Tomaiuolo Napoli (NA)<br \/>Carnevale Cristina Roma<br \/>Carolingi Claudio Larciano (PT)<br \/>Casamassima Cristian Sassari<br \/>Castrignan\u00f2 Marianna Copertino (LE)<br \/>Cavadini Gabriele Sesto San Giovanni<br \/>Cavalletti Carlo Forl\u00ec (FC)<br \/>Cavallo Carlo Sava (TA)<br \/>Cecchinelli Michele Roma (RM)<br \/>Celotto Elena Castellamare di Stabia (NA)<br \/>Ceracchi Roberto Velletri (RM)<br \/>Cercio Antonella Imola (BO)<br \/>Chiara Melandri Ravenna<br \/>Cimino Antonio S. Maria la Fossa (CE)<br \/>Cinzia Acciarri SAN SALVO (CH)<br \/>Cocchiola Clemente Monteriggioni (SI)<br \/>Coccioli Pamela Erchie (BR)<br \/>Conte Edmondo Taurisano (LE)<br \/>Corsetti Fabio Perugia<br \/>Corticelli Stefania Ferrara<br \/>Criscuolo Giusy Roma<br \/>Crispi Federico Roma<br \/>Cristiana Coacci ALBA ADRIATICA (TE)<br \/>Cristina Milazzo Aci Castello (CT)<br \/>D&#8217;alessandro Alessio Crecchio (CH)<br \/>D&#8217;Amato Stefano Erba (CO)<br \/>Daniela Migliozzi Misano Adriatico (RN)<br \/>Daniela Puzo VINCHIATAURO (CB)<br \/>Danilo Paradiso Milazzo (ME)<br \/>Dario Dell&#8217;Aquila Poggio Torriana (RN)<br \/>Dario La Grassa Napoli (NA)<br \/>Dario Scardaci Catania (CT)<br \/>Davide Dramis Milazzo (ME)<br \/>Davide Monaco SPECCHIA (LE)<br \/>Davide Zerbinati Ariano nel Polesine (RO)<br \/>De Fina Nicola Pescara<br \/>De Luca Ermenelinda Napoli (NA)<br \/>De Paolis Vittorio Lecce<br \/>De Rosa Veronica Carinaro (CE)<br \/>De Simone Roberto Capua (CE)<br \/>Degano Robert Chivasso (TO)<br \/>Della Motta Riccardo Bellaria (RN)<br \/>Dellabartola Barbara San Mauro Pascoli (FC)<br \/>Dellimauri Cosimo Mesagne<br \/>Delphine Claude Corbo LARINO (CB)<br \/>Despina Zoura Pagani (SA)<br \/>Di Biase Valerio Roma<br \/>Diego Bondandini<br \/>Diges\u00f9 Riccarda Altamura (BA)<br \/>Dimiccoli Loredana Roma<br \/>Domenica Ragonesi Siracusa (SR)<br \/>Domenico Elia Sassari (SS)<br \/>Einat Peer<br \/>Elena Pazzagli Arezzo<br \/>Elisa Zanolin CASTEGGIO (PV)<br \/>Emanuela Fiori<br \/>Enrico Baita<br \/>Enrico Blandini Misterbianco (CT)<br \/>Enrico Bruscia Desio (MB)<br \/>Ezio Mastini Arezzo<br \/>Fabiana Raganato Abbiategrasso (MI)<br \/>Fabio Bonelli MILANO (MI)<br \/>Fabio De Angelis<br \/>Fabio Renisi Cornaredo (MI)<br \/>Fabrizio Bonora<br \/>Fabrizio Capuana Catania (CT)<br \/>Fabrizio Dell&#8217;Acqua MARTINA FRANCA<br \/>Fabrizio Tanca Tempio Pausania (OT)<br \/>Federica Cimaroli Amaseno (FR)<br \/>Federica D&#8217;orazio Milazzo (ME)<br \/>Federica Gobbi Catania (CT)<br \/>Federico Andreoli CASTENASO (BO)<br \/>Federico Visconti Calvizzano (NA)<br \/>Felipe Mantec\u00f3n Pad\u00edn<br \/>Ferrari Davide Garbagnate Milanese (MI)<br \/>Ferrari Federico Milano<br \/>Festa Alessandro Roma<br \/>Filippo Zanobi FORL\u00ec<br \/>Flauto Calle Collegno (TO)<br \/>Fornaciari Daniele Reggio Emilia<br \/>Francesca Bondi Mazzoni CESENA (FC)<br \/>Francesca Fratta Pesaro<br \/>Francesca Labonia COLLEFERRO (RM)<br \/>Francesco Brancaccio<br \/>Francesco Busanca Gragnano (NA)<br \/>Francesco Manganaro SAN DONATO MILANESE (MI)<br \/>Francesco Ravot Sassari (SS)<br \/>Francesco Trifir\u00f2 Milazzo (ME)<br \/>Froilich Alessandro Milano<br \/>Fusillo Annamaria Siena (SI)<br \/>Gallo Achille Villa di Briano (CE)<br \/>Gallo Massimo Aversa (CE)<br \/>Galtarossa Stefano<br \/>Gara Osama Gat (Israele)<br \/>Garavini Pietro Forl\u00ec<br \/>Gasbarro Elisa Bucine (AR)<br \/>Gaudenzi Luca Forl\u00ec<br \/>Gaudiano Molero Andreu Seregno (MB)<br \/>Gerardo Troiano Napoli (NA)<br \/>Germoni Stefano Roma<br \/>Giacomo Tisci ACQUAVIVA DELLE FONTI (BA)<br \/>Giada Pregnolato Taglio di Po (RO)<br \/>Giampiero Larenza ACQUAVIVA DELLE FONTI (BA)<br \/>Gianluca Macr\u00ec Troina (EN)<br \/>Gianluca Maiello Mugnano (NA)<br \/>Gianluca Russo<br \/>Giorgia Barbara Trapani (TP)<br \/>Giorgis Riccardo Bologna<br \/>Giorgos Kazazidis<br \/>Giovanna Della Ventura Maddaloni (CE)<br \/>Giovanni Agnesi Maddaloni (CE)<br \/>Giovanni Criscuolo Napoli<br \/>Giulio Cipolla Bronte (CT)<br \/>Giullermo Javier Hurtado \u00c1lvarez<br \/>Giuseppe Cipriano Casoria (NA)<br \/>Giuseppe Lillo Portici (NA)<br \/>Giuseppe Oliva Catania (CT)<br \/>Giuseppe Paolicelli SAN GIULIANO MILANESE (MI)<br \/>Giuseppe Pennisi Catania (CT)<br \/>Gollinucci Emanuele Bora di Mercato Saraceno (FC)<br \/>Graziana Guarnieri MONOPOLI<br \/>Greco Lucchino Stefano Rubiera (RE)<br \/>Iannucci Alessandro Fondi (LT)<br \/>Ida Licheri Giugliano in Campania (NA)<br \/>Igor Panizzo<br \/>Ilaria Giacomel<br \/>Ilaria Migliorini BOLOGNA (BO)<br \/>Ivan Cabiddu<br \/>Iv\u00e1n Gonzalo Mart\u00ednez<br \/>Javier Cobas S\u00e1nchez<br \/>Josu\u00e9 Tar\u00ed Madariaga<br \/>Katia Vaccari<br \/>Kovalyova Oleksandra Roncofreddo (FC)<br \/>Lapenna Carmine Pedro Erchie (BR)<br \/>Lauro Salvatore Meta, (NA)<br \/>Leoci Dolores Monopoli (BA)<br \/>Leonardo Toscano Aci Catena (CT)<br \/>Lepore Stefania Cerano (NO)<br \/>Licitra Salvatore San Pietro Vernotico (BR)<br \/>Lida Pesaresi SAN SALVO (CH)<br \/>Liliana Piscitello Mascalucia (CT)<br \/>Loi Luca Roma<br \/>Lopapa Alessia Campo Marino di Maruggio (TA)<br \/>Loredana<br \/>Lorena Olivadese<br \/>Lorenzo Gallorini Arezzo<br \/>Lorenzo Simone CAMPI SALENTINA (LE)<br \/>Luana Capozzi Jelsi (CB)<br \/>Luca Fabbri FORL\u00ec<br \/>Luca Ruggiero Sacrofano (RO)<br \/>Lucia Bonafede Catania (CT)<br \/>Ludovica Iannetta NNTLVC93E56B519D<br \/>Luigi Carta Nuoro (NU)<br \/>Madalene Mitongu Ntumba Caserta ( CE )<br \/>Mancini Roberto Bosco mesola (FE)<br \/>Mancino Alessandra Sava (TA)<br \/>Manzoni Alberto Cesena<br \/>Marcello Profilo LECCE (LE)<br \/>Marchi Massimo Toscanella, Dozza (BO)<br \/>Marco Claudio Tavazzani Roma (RM)<br \/>Marco D&#8217;Amato MANFREDONIA<br \/>Marco Lepore ANDRIA (BT)<br \/>Marco Marsiglio Napoli (NA)<br \/>Marco Melchiorri<br \/>Marco Oceano FRANCAVILLA AL MARE<br \/>Marco Pistillo ANDRIA (BT)<br \/>Maria Caico Agrate Brianza (MB)<br \/>Maria Camerlingo Cavasatore (NA)<br \/>Maria Cristina Lucca Napoli (NA)<br \/>Maria Grazia Milazzo Catania (CT)<br \/>Maria Grazia Nettuno Ercolano (NA)<br \/>Mar\u00eda L\u00f3pez D\u00edaz<br \/>Maria Rosaria Bilfulco Caserta (CE)<br \/>Marsella Veronica Atina (FR)<br \/>Martina Batani<br \/>Martusciello Emanuele Piove di Sacco (PD)<br \/>Marzia Ferrara Roma (RM)<br \/>Massimiliano Muccini RICCIONE (RN)<br \/>Massimiliano Passini Catania (CT)<br \/>Massimo Infranca Napoli<br \/>Massimo Pescatore Napoli (NA)<br \/>Matteo Bosisio<br \/>Matteo Capellacci SAN COSTANZO (PU)<br \/>Matteo Tonelli Pesaro (PU)<br \/>Mattera Sergio Aversa (CE)<br \/>Mattia Baldini PESARO (PU)<br \/>Mattia Violini Milano (MI)<br \/>Melandri Denis Riolo Terme (RA)<br \/>Michael Baldazza<br \/>Michael Drei Forl\u00ec<br \/>Michela Cuoco RIMINI (RN)<br \/>Michela Fabi Montegranaro (FM)<br \/>Michela Guglietta Gaeta (LT)<br \/>Michele De Grazia Tortona (AL)<br \/>Michele Fornarelli Triggiano (BA)<br \/>Miguel G\u00f3mez Alsius<br \/>Miguel Tronconis<br \/>Mirco Fallica Patern\u00f2 (CT)<br \/>Mirco Mura Reggio Emilia<br \/>Molinaro Domenico<br \/>Montanari Francesco Reggio Emilia (RE)<br \/>Natale Mirone Patern\u00f2 (CT)<br \/>Nicola Albertosi AULLA (MS)<br \/>Nicola Cavalleri Ferno (VA)<br \/>Nikos Politis<br \/>Pacifici Faliero Roma (RM)<br \/>Padoan Omar Viareggio (LU)<br \/>Paola Dartigues Rodriguez Milano (MI)<br \/>Paolo Giordano Scafati (SA)<br \/>Paolo Giraldi Verano Brianza (MB)<br \/>Paolozza Jhonathan Roma (RM)<br \/>Pasquale Vitale Napoli (NA)<br \/>Pasquale Zucca Bitti (NU)<br \/>Pasquali Giulia Paderno Dugnano (MI)<br \/>Passerini Carlo Cava de&#8217; Tirreni<br \/>Pastena Rolando Eboli SA)<br \/>Patronelli Gianmichele Urbino (PU)<br \/>Perrotti Yari Vasto (CH)<br \/>Piacenza Giuseppe Cesano Boscone (MI)<br \/>Pieri Luca Cesena<br \/>Pietro Somma Pimonte (NA)<br \/>Pietropaoli Stefano L&#8217;Aquila<br \/>Pisacane Francesco Roma<br \/>Poli Maurizio Riccione (RN)<br \/>Quarta Colosso Federica Lecce<br \/>Raffaele Bevivino<br \/>Raffaele Cenicola LANCIANO<br \/>Raffaella Pirozzi RIMINI (RN)<br \/>Rametta Elisa Prato (PO)<br \/>Riccardo Bianchi Catania (CT)<br \/>Riccardo Cicconi Forl\u00ec<br \/>Riccardo Fassari Catania (CT)<br \/>Ricci Marco Forl\u00ec<br \/>Righini Alessandro San Mauro Pascoli (FC)<br \/>Rinaldi Mirco Foggia (FG)<br \/>Rispoli Antonio Giffoni sei Casali (NA)<br \/>Roberta Vat Villa Guardia (CO)<br \/>Roberto Dall&#8217;Anna Costa Volpino (BG)<br \/>Roberto Perticar\u00e0 Ravenna<br \/>Romano Cristina Roma (RM)<br \/>Romina Patrignani Ponte San giovanni (PG)<br \/>Rosa Sidoti BOLOGNA (BO)<br \/>Rosario Guglielmo Grammichele (CT)<br \/>Rossana Stellato Sassari (SS)<br \/>Rossana Tonini Cattolica (RN)<br \/>Rossi Davide San Salvo<br \/>Rossi Ernesto Suvereto (LI)<br \/>Russo Rosario S.Antonio Abate (NA)<br \/>Sabrina Freri CASTEGGIO (PV)<br \/>Sabrina Lai Gabicce Mare (PU)<br \/>Salvatore Agatino Licciardello Catania (CT)<br \/>Salvatore Ambrosi Cesena (FC)<br \/>Salvatore Diesi Palermo (PA)<br \/>Samantha Piola<br \/>Sandra Goretti<br \/>Sciortino Claudia Viareggio (LU)<br \/>Secchi Eros Capraia Fiorentina (FI)<br \/>Sergiu Franco Voltana (RA)<br \/>Sideri Serena Roma<br \/>Silvana Procacci Pozzolo F.Ro (AL)<br \/>Silvia Matteo SAN CESARIO DI LECCE<br \/>Simone Babini Castrocaro Terme (FC)<br \/>Simone Bonacquisti COLLEFERRO (RM)<br \/>Simone Tommaselli<br \/>Sofia Stanzani BOLOGNA (BO)<br \/>Soldi Fabio Firenze (FI)<br \/>Sonia Cosma<br \/>Sorio Laura Zoagli (GE)<br \/>Spiccia Simona Roma<br \/>Stanzani Giovanni Riccione<br \/>Stefania Burato<br \/>Stefania Galasso Franca Villa (CH)<br \/>Stefania Pescatore Napoli (NA)<br \/>Stefano Michele Olivieri MANFREDONIA<br \/>Stefano Troise Napoli<br \/>Stellardi Sara Milano<br \/>Tartarini Davide Mirandola (MO)<br \/>Teresa De Sarro Milano (MI)<br \/>Teresa Giocondo<br \/>Teresa Maiello Caserta (CE)<br \/>Theodoris Iliadis<br \/>Tiziana Grazzi MILANO (MI)<br \/>Tiziana Maria Zanetti San Gregorio di Catania (CT)<br \/>Tommaso Ensoli Arezzo<br \/>Toscano Marcello Ravenna<br \/>Urbano Angela Manduria (TA)<br \/>Urselli Andrea Grottaglie (TA)<br \/>Vaicu Irini Gudo Visconti (MI)<br \/>Valentina Maccanti<br \/>Valeria Romoli Siracusa (SR)<br \/>Valerio Avarello VRLVLR93D27H501N<br \/>Venturi Elia San Mauro Pascoli (FC)<br \/>Veraldo Vedr\u00e8 Imola (BO)<br \/>Verduci Maurizio Roma<br \/>Vicino Matteo Salgareda (TV)<br \/>Vida Piatto Napoli<br \/>Vittorio Cardone San Giovanni in Marignano (RN)<br \/>Vittorio Cerquiglini Perugia<br \/>Ximenes Luca Giussano (MI)<br \/>Yosef Kedem<br \/>Zampaloni Roberta Reggio Emilia (RE)<br \/>Zen Massimo Cittadella<br \/>Zoccolari Federica Vittorio Veneto 35<\/p>\t\t\n<h2>\n\t\tDISCOVER REVORING TRAINING\n\t<\/h2>\n\t<strong>The<\/strong> <strong>Revoring<sup>\u00ae<\/sup> method<\/strong> was born as a safe and practical total body training. Learn the movements and keep yourself in shape with <strong>Revoring<sup>\u00ae<\/sup> Training<\/strong>!<br \/>\nRevoring<sup>\u00ae<\/sup> is the brand-new fitness tool within the <strong>Training Plan<\/strong> of the most innovative Gyms all over the world. More and more <strong>Fitness Clubs and Personal Training Studios<\/strong> are offering to their clients our Revoring<sup>\u00ae<\/sup> Group Training or exercises within circuit training based on this practical and multi-purpose fitness tool. Are you the owner of a <strong>Sport Center<\/strong> and would like to train your co-workers in order to provide your clients with <strong>Revoring<sup>\u00ae<\/sup> Group Training<\/strong>? Do you want a private training session at your centre?\n\t\t\t<a href=\"http:\/\/revoring.com\/en\/contacts\/\" target=\"_self\" role=\"button\" rel=\"noopener\">\n\t\t\t\t\t\t\tGET MORE INFORMATIONS\n\t\t\t\t\t<\/a>\n\n","protected":false},"excerpt":{"rendered":"<p>Education TRAINING PROGRAM BOOK NOW TRAINING Since 2016 the Revoring\u00ae Academy has been organizing Revoring\u00ae Training courses in Italy and around the world.This tool was initially conceived to be used for functional training, then it evolved and became an elastic training system suited to any wellness discipline: physical therapy, myofascial pilates, martial arts, musical fitness&hellip;<\/p>\n","protected":false},"author":7,"featured_media":0,"parent":0,"menu_order":0,"comment_status":"closed","ping_status":"closed","template":"","meta":[],"yoast_head":"<!-- This site is optimized with the Yoast SEO plugin v14.1 - https:\/\/yoast.com\/wordpress\/plugins\/seo\/ -->\n<title>Education - Revoring<\/title>\n<meta name=\"robots\" content=\"index, follow\" \/>\n<meta name=\"googlebot\" content=\"index, follow, max-snippet:-1, max-image-preview:large, max-video-preview:-1\" \/>\n<meta name=\"bingbot\" content=\"index, follow, max-snippet:-1, max-image-preview:large, max-video-preview:-1\" \/>\n<link rel=\"canonical\" href=\"http:\/\/revoring.com\/en\/education\/\" \/>\n<meta property=\"og:locale\" content=\"en_US\" \/>\n<meta property=\"og:type\" content=\"article\" \/>\n<meta property=\"og:title\" content=\"Education - Revoring\" \/>\n<meta property=\"og:description\" content=\"Education TRAINING PROGRAM BOOK NOW TRAINING Since 2016 the Revoring\u00ae Academy has been organizing Revoring\u00ae Training courses in Italy and around the world.This tool was initially conceived to be used for functional training, then it evolved and became an elastic training system suited to any wellness discipline: physical therapy, myofascial pilates, martial arts, musical fitness&hellip;\" \/>\n<meta property=\"og:url\" content=\"http:\/\/revoring.com\/en\/education\/\" \/>\n<meta property=\"og:site_name\" content=\"Revoring\" \/>\n<meta property=\"article:modified_time\" content=\"2021-04-29T10:01:55+00:00\" \/>\n<meta name=\"twitter:card\" content=\"summary_large_image\" \/>\n<script type=\"application\/ld+json\" class=\"yoast-schema-graph\">{\"@context\":\"https:\/\/schema.org\",\"@graph\":[{\"@type\":\"WebSite\",\"@id\":\"https:\/\/revoring.com\/en\/#website\",\"url\":\"https:\/\/revoring.com\/en\/\",\"name\":\"Revoring\",\"description\":\"sistema di allenamento innovativo\",\"potentialAction\":[{\"@type\":\"SearchAction\",\"target\":\"https:\/\/revoring.com\/en\/?s={search_term_string}\",\"query-input\":\"required name=search_term_string\"}],\"inLanguage\":\"en-US\"},{\"@type\":\"WebPage\",\"@id\":\"http:\/\/revoring.com\/en\/education\/#webpage\",\"url\":\"http:\/\/revoring.com\/en\/education\/\",\"name\":\"Education - Revoring\",\"isPartOf\":{\"@id\":\"https:\/\/revoring.com\/en\/#website\"},\"datePublished\":\"2021-01-20T14:05:38+00:00\",\"dateModified\":\"2021-04-29T10:01:55+00:00\",\"inLanguage\":\"en-US\",\"potentialAction\":[{\"@type\":\"ReadAction\",\"target\":[\"http:\/\/revoring.com\/en\/education\/\"]}]}]}<\/script>\n<!-- \/ Yoast SEO plugin. -->","_links":{"self":[{"href":"https:\/\/revoring.com\/en\/wp-json\/wp\/v2\/pages\/91435"}],"collection":[{"href":"https:\/\/revoring.com\/en\/wp-json\/wp\/v2\/pages"}],"about":[{"href":"https:\/\/revoring.com\/en\/wp-json\/wp\/v2\/types\/page"}],"author":[{"embeddable":true,"href":"https:\/\/revoring.com\/en\/wp-json\/wp\/v2\/users\/7"}],"replies":[{"embeddable":true,"href":"https:\/\/revoring.com\/en\/wp-json\/wp\/v2\/comments?post=91435"}],"version-history":[{"count":0,"href":"https:\/\/revoring.com\/en\/wp-json\/wp\/v2\/pages\/91435\/revisions"}],"wp:attachment":[{"href":"https:\/\/revoring.com\/en\/wp-json\/wp\/v2\/media?parent=91435"}],"curies":[{"name":"wp","href":"https:\/\/api.w.org\/{rel}","templated":true}]}}